{"id":7375,"date":"2021-10-22T09:36:23","date_gmt":"2021-10-22T09:36:23","guid":{"rendered":"http:\/\/www.tekojaa.fi.testwww.yritysweb.fi\/wordpress\/company\/"},"modified":"2022-09-08T08:14:26","modified_gmt":"2022-09-08T08:14:26","slug":"company","status":"publish","type":"page","link":"https:\/\/www.tekojaa.fi\/en\/company\/","title":{"rendered":"Company"},"content":{"rendered":"\t\t<div data-elementor-type=\"wp-page\" data-elementor-id=\"7375\" class=\"elementor elementor-7375\">\n\t\t\t\t\t\t<section class=\"elementor-section elementor-top-section elementor-element elementor-element-5a99504 elementor-section-boxed elementor-section-height-default elementor-section-height-default qodef-elementor-content-no\" data-id=\"5a99504\" data-element_type=\"section\" data-e-type=\"section\">\n\t\t\t\t\t\t<div class=\"elementor-container elementor-column-gap-default\">\n\t\t\t\t\t<div class=\"elementor-column elementor-col-33 elementor-top-column elementor-element elementor-element-5c10f6f\" data-id=\"5c10f6f\" data-element_type=\"column\" data-e-type=\"column\">\n\t\t\t<div class=\"elementor-widget-wrap elementor-element-populated\">\n\t\t\t\t\t\t<div class=\"elementor-element elementor-element-490b04f elementor-widget elementor-widget-text-editor\" data-id=\"490b04f\" data-element_type=\"widget\" data-e-type=\"widget\" data-widget_type=\"text-editor.default\">\n\t\t\t\t<div class=\"elementor-widget-container\">\n\t\t\t\t\t\t\t\t\t<h3>Suomen Tekoj\u00e4\u00e4<\/h3>\n<p>Founded in 1997<\/p>\n<p>Production facilities in Parkano, Finland<\/p>\n<p>Deliveries to 25 countries<\/p>\n<p>Staff resources 75<\/p>\n<p>Turnover in 2020 was 13 M\u20ac<\/p>\n<p>Our equipment operates in more than 800 facilities<\/p>\n\t\t\t\t\t\t\t\t<\/div>\n\t\t\t\t<\/div>\n\t\t\t\t\t<\/div>\n\t\t<\/div>\n\t\t\t\t<div class=\"elementor-column elementor-col-66 elementor-top-column elementor-element elementor-element-2755d69\" data-id=\"2755d69\" data-element_type=\"column\" data-e-type=\"column\">\n\t\t\t<div class=\"elementor-widget-wrap elementor-element-populated\">\n\t\t\t\t\t\t<div class=\"elementor-element elementor-element-bc66d2b elementor-widget elementor-widget-image\" data-id=\"bc66d2b\" data-element_type=\"widget\" data-e-type=\"widget\" data-widget_type=\"image.default\">\n\t\t\t\t<div class=\"elementor-widget-container\">\n\t\t\t\t\t\t\t\t\t\t\t\t\t\t\t<img fetchpriority=\"high\" decoding=\"async\" width=\"1300\" height=\"650\" src=\"https:\/\/www.tekojaa.fi\/wp-content\/uploads\/2021\/08\/Suomen_tekojaa-202-Edit-Edit-1300x650.jpg\" class=\"attachment-stal_image_size_landscape size-stal_image_size_landscape wp-image-7376\" alt=\"\" \/>\t\t\t\t\t\t\t\t\t\t\t\t\t\t\t<\/div>\n\t\t\t\t<\/div>\n\t\t\t\t\t<\/div>\n\t\t<\/div>\n\t\t\t\t\t<\/div>\n\t\t<\/section>\n\t\t\t\t<section class=\"elementor-section elementor-top-section elementor-element elementor-element-129b985 elementor-section-boxed elementor-section-height-default elementor-section-height-default qodef-elementor-content-no\" data-id=\"129b985\" data-element_type=\"section\" data-e-type=\"section\">\n\t\t\t\t\t\t<div class=\"elementor-container elementor-column-gap-default\">\n\t\t\t\t\t<div class=\"elementor-column elementor-col-100 elementor-top-column elementor-element elementor-element-31eb1aa\" data-id=\"31eb1aa\" data-element_type=\"column\" data-e-type=\"column\">\n\t\t\t<div class=\"elementor-widget-wrap elementor-element-populated\">\n\t\t\t\t\t\t<div class=\"elementor-element elementor-element-a0897b0 elementor-widget elementor-widget-spacer\" data-id=\"a0897b0\" data-element_type=\"widget\" data-e-type=\"widget\" data-widget_type=\"spacer.default\">\n\t\t\t\t<div class=\"elementor-widget-container\">\n\t\t\t\t\t\t\t<div class=\"elementor-spacer\">\n\t\t\t<div class=\"elementor-spacer-inner\"><\/div>\n\t\t<\/div>\n\t\t\t\t\t\t<\/div>\n\t\t\t\t<\/div>\n\t\t\t\t\t<\/div>\n\t\t<\/div>\n\t\t\t\t\t<\/div>\n\t\t<\/section>\n\t\t\t\t<section class=\"elementor-section elementor-top-section elementor-element elementor-element-94bf1fe elementor-section-boxed elementor-section-height-default elementor-section-height-default qodef-elementor-content-no\" data-id=\"94bf1fe\" data-element_type=\"section\" data-e-type=\"section\">\n\t\t\t\t\t\t<div class=\"elementor-container elementor-column-gap-default\">\n\t\t\t\t\t<div class=\"elementor-column elementor-col-33 elementor-top-column elementor-element elementor-element-e00f734\" data-id=\"e00f734\" data-element_type=\"column\" data-e-type=\"column\">\n\t\t\t<div class=\"elementor-widget-wrap elementor-element-populated\">\n\t\t\t\t\t\t<div class=\"elementor-element elementor-element-28bc102 elementor-widget elementor-widget-image\" data-id=\"28bc102\" data-element_type=\"widget\" data-e-type=\"widget\" data-widget_type=\"image.default\">\n\t\t\t\t<div class=\"elementor-widget-container\">\n\t\t\t\t\t\t\t\t\t\t\t\t\t\t\t<img decoding=\"async\" width=\"683\" height=\"196\" src=\"https:\/\/www.tekojaa.fi\/wp-content\/uploads\/2021\/06\/tekojaa-logo.png\" class=\"attachment-large size-large wp-image-7378\" alt=\"\" srcset=\"https:\/\/www.tekojaa.fi\/wp-content\/uploads\/2021\/06\/tekojaa-logo.png 683w, https:\/\/www.tekojaa.fi\/wp-content\/uploads\/2021\/06\/tekojaa-logo-300x86.png 300w\" sizes=\"(max-width: 683px) 100vw, 683px\" \/>\t\t\t\t\t\t\t\t\t\t\t\t\t\t\t<\/div>\n\t\t\t\t<\/div>\n\t\t\t\t\t<\/div>\n\t\t<\/div>\n\t\t\t\t<div class=\"elementor-column elementor-col-66 elementor-top-column elementor-element elementor-element-549df1f\" data-id=\"549df1f\" data-element_type=\"column\" data-e-type=\"column\">\n\t\t\t<div class=\"elementor-widget-wrap elementor-element-populated\">\n\t\t\t\t\t\t<div class=\"elementor-element elementor-element-433bc46 elementor-widget elementor-widget-text-editor\" data-id=\"433bc46\" data-element_type=\"widget\" data-e-type=\"widget\" data-widget_type=\"text-editor.default\">\n\t\t\t\t<div class=\"elementor-widget-container\">\n\t\t\t\t\t\t\t\t\t<p>Suomen Tekoj\u00e4\u00e4 Oy, a family-owned company based in Parkano, provides comprehensive solutions for refrigeration, air handling, industrial cooling and heat pump systems. We produce and sell our products by ourselves.<\/p>\n<p>Our prefabricated equipment is designed to be installed in the plant room of the facilities or in the free-standing container on a turn-key basis.<\/p>\n<p>We provide services for the entire life cycle of the project. Desing, manufacturing, installation and maintenance.<\/p>\n<p>Our core competence areas are refrigeration system solutions for ice sports and industry facilities. With solid experience we also provide solutions for air handling, heating and building management systems.<\/p>\n\t\t\t\t\t\t\t\t<\/div>\n\t\t\t\t<\/div>\n\t\t\t\t\t<\/div>\n\t\t<\/div>\n\t\t\t\t\t<\/div>\n\t\t<\/section>\n\t\t\t\t<section class=\"elementor-section elementor-top-section elementor-element elementor-element-15721fe elementor-section-boxed elementor-section-height-default elementor-section-height-default qodef-elementor-content-no\" data-id=\"15721fe\" data-element_type=\"section\" data-e-type=\"section\">\n\t\t\t\t\t\t<div class=\"elementor-container elementor-column-gap-default\">\n\t\t\t\t\t<div class=\"elementor-column elementor-col-100 elementor-top-column elementor-element elementor-element-d779e57\" data-id=\"d779e57\" data-element_type=\"column\" data-e-type=\"column\">\n\t\t\t<div class=\"elementor-widget-wrap elementor-element-populated\">\n\t\t\t\t\t\t<div class=\"elementor-element elementor-element-724ed3d elementor-widget elementor-widget-spacer\" data-id=\"724ed3d\" data-element_type=\"widget\" data-e-type=\"widget\" data-widget_type=\"spacer.default\">\n\t\t\t\t<div class=\"elementor-widget-container\">\n\t\t\t\t\t\t\t<div class=\"elementor-spacer\">\n\t\t\t<div class=\"elementor-spacer-inner\"><\/div>\n\t\t<\/div>\n\t\t\t\t\t\t<\/div>\n\t\t\t\t<\/div>\n\t\t\t\t\t<\/div>\n\t\t<\/div>\n\t\t\t\t\t<\/div>\n\t\t<\/section>\n\t\t\t\t<section class=\"elementor-section elementor-top-section elementor-element elementor-element-9f728dc elementor-hidden-desktop elementor-hidden-tablet elementor-hidden-phone elementor-section-boxed elementor-section-height-default elementor-section-height-default qodef-elementor-content-no\" data-id=\"9f728dc\" data-element_type=\"section\" data-e-type=\"section\" data-settings=\"{&quot;background_background&quot;:&quot;classic&quot;}\">\n\t\t\t\t\t\t<div class=\"elementor-container elementor-column-gap-default\">\n\t\t\t\t\t<div class=\"elementor-column elementor-col-66 elementor-top-column elementor-element elementor-element-cc81eff\" data-id=\"cc81eff\" data-element_type=\"column\" data-e-type=\"column\">\n\t\t\t<div class=\"elementor-widget-wrap elementor-element-populated\">\n\t\t\t\t\t\t<div class=\"elementor-element elementor-element-55caecf elementor-widget elementor-widget-text-editor\" data-id=\"55caecf\" data-element_type=\"widget\" data-e-type=\"widget\" data-widget_type=\"text-editor.default\">\n\t\t\t\t<div class=\"elementor-widget-container\">\n\t\t\t\t\t\t\t\t\t<h3>Toimintapolitiikkamme<\/h3>\n<p>Suomen Tekoj\u00e4\u00e4 Oy:n toiminnan keski\u00f6ss\u00e4 ovat vihre\u00e4t arvot ja ymp\u00e4rist\u00f6yst\u00e4v\u00e4llisyys.<\/p>\n\t\t\t\t\t\t\t\t<\/div>\n\t\t\t\t<\/div>\n\t\t\t\t\t<\/div>\n\t\t<\/div>\n\t\t\t\t<div class=\"elementor-column elementor-col-33 elementor-top-column elementor-element elementor-element-22a28dd\" data-id=\"22a28dd\" data-element_type=\"column\" data-e-type=\"column\">\n\t\t\t<div class=\"elementor-widget-wrap elementor-element-populated\">\n\t\t\t\t\t\t<div class=\"elementor-element elementor-element-a21b285 elementor-widget elementor-widget-image\" data-id=\"a21b285\" data-element_type=\"widget\" data-e-type=\"widget\" data-widget_type=\"image.default\">\n\t\t\t\t<div class=\"elementor-widget-container\">\n\t\t\t\t\t\t\t\t\t\t\t\t\t\t\t<img decoding=\"async\" width=\"300\" height=\"200\" src=\"https:\/\/www.tekojaa.fi\/wp-content\/uploads\/2021\/08\/Suomen_tekojaa-18-Edit-1000-300x200.jpg\" class=\"attachment-medium size-medium wp-image-7292\" alt=\"Suomen tekojaa\" srcset=\"https:\/\/www.tekojaa.fi\/wp-content\/uploads\/2021\/08\/Suomen_tekojaa-18-Edit-1000-300x200.jpg 300w, https:\/\/www.tekojaa.fi\/wp-content\/uploads\/2021\/08\/Suomen_tekojaa-18-Edit-1000-768x512.jpg 768w, https:\/\/www.tekojaa.fi\/wp-content\/uploads\/2021\/08\/Suomen_tekojaa-18-Edit-1000.jpg 1000w\" sizes=\"(max-width: 300px) 100vw, 300px\" \/>\t\t\t\t\t\t\t\t\t\t\t\t\t\t\t<\/div>\n\t\t\t\t<\/div>\n\t\t\t\t\t<\/div>\n\t\t<\/div>\n\t\t\t\t\t<\/div>\n\t\t<\/section>\n\t\t\t\t<section class=\"elementor-section elementor-top-section elementor-element elementor-element-17f7431 elementor-section-boxed elementor-section-height-default elementor-section-height-default qodef-elementor-content-no\" data-id=\"17f7431\" data-element_type=\"section\" data-e-type=\"section\" data-settings=\"{&quot;background_background&quot;:&quot;classic&quot;}\">\n\t\t\t\t\t\t<div class=\"elementor-container elementor-column-gap-default\">\n\t\t\t\t\t<div class=\"elementor-column elementor-col-100 elementor-top-column elementor-element elementor-element-da36c4a\" data-id=\"da36c4a\" data-element_type=\"column\" data-e-type=\"column\">\n\t\t\t<div class=\"elementor-widget-wrap elementor-element-populated\">\n\t\t\t\t\t\t<div class=\"elementor-element elementor-element-9e6df51 elementor-widget elementor-widget-spacer\" data-id=\"9e6df51\" data-element_type=\"widget\" data-e-type=\"widget\" data-widget_type=\"spacer.default\">\n\t\t\t\t<div class=\"elementor-widget-container\">\n\t\t\t\t\t\t\t<div class=\"elementor-spacer\">\n\t\t\t<div class=\"elementor-spacer-inner\"><\/div>\n\t\t<\/div>\n\t\t\t\t\t\t<\/div>\n\t\t\t\t<\/div>\n\t\t\t\t\t<\/div>\n\t\t<\/div>\n\t\t\t\t\t<\/div>\n\t\t<\/section>\n\t\t\t\t<section class=\"elementor-section elementor-top-section elementor-element elementor-element-2382521 elementor-section-boxed elementor-section-height-default elementor-section-height-default qodef-elementor-content-no\" data-id=\"2382521\" data-element_type=\"section\" data-e-type=\"section\">\n\t\t\t\t\t\t<div class=\"elementor-container elementor-column-gap-default\">\n\t\t\t\t\t<div class=\"elementor-column elementor-col-100 elementor-top-column elementor-element elementor-element-415fef1 blue-bg elementor-invisible\" data-id=\"415fef1\" data-element_type=\"column\" data-e-type=\"column\" data-settings=\"{&quot;background_background&quot;:&quot;classic&quot;,&quot;animation&quot;:&quot;slideInUp&quot;}\">\n\t\t\t<div class=\"elementor-widget-wrap elementor-element-populated\">\n\t\t\t\t\t\t<section class=\"elementor-section elementor-inner-section elementor-element elementor-element-12a5637 elementor-section-boxed elementor-section-height-default elementor-section-height-default qodef-elementor-content-no\" data-id=\"12a5637\" data-element_type=\"section\" data-e-type=\"section\">\n\t\t\t\t\t\t<div class=\"elementor-container elementor-column-gap-default\">\n\t\t\t\t\t<div class=\"elementor-column elementor-col-100 elementor-inner-column elementor-element elementor-element-94ada41\" data-id=\"94ada41\" data-element_type=\"column\" data-e-type=\"column\">\n\t\t\t<div class=\"elementor-widget-wrap elementor-element-populated\">\n\t\t\t\t\t\t<div class=\"elementor-element elementor-element-ccd45cf elementor-widget elementor-widget-heading\" data-id=\"ccd45cf\" data-element_type=\"widget\" data-e-type=\"widget\" data-widget_type=\"heading.default\">\n\t\t\t\t<div class=\"elementor-widget-container\">\n\t\t\t\t\t<h2 class=\"elementor-heading-title elementor-size-default\">Vacancies<\/h2>\t\t\t\t<\/div>\n\t\t\t\t<\/div>\n\t\t\t\t\t<\/div>\n\t\t<\/div>\n\t\t\t\t\t<\/div>\n\t\t<\/section>\n\t\t\t\t<section class=\"elementor-section elementor-inner-section elementor-element elementor-element-923c8ad elementor-section-boxed elementor-section-height-default elementor-section-height-default qodef-elementor-content-no\" data-id=\"923c8ad\" data-element_type=\"section\" data-e-type=\"section\">\n\t\t\t\t\t\t<div class=\"elementor-container elementor-column-gap-default\">\n\t\t\t\t\t<div class=\"elementor-column elementor-col-50 elementor-inner-column elementor-element elementor-element-14fd9d7\" data-id=\"14fd9d7\" data-element_type=\"column\" data-e-type=\"column\">\n\t\t\t<div class=\"elementor-widget-wrap elementor-element-populated\">\n\t\t\t\t\t\t<div class=\"elementor-element elementor-element-3091220 elementor-widget elementor-widget-image\" data-id=\"3091220\" data-element_type=\"widget\" data-e-type=\"widget\" data-widget_type=\"image.default\">\n\t\t\t\t<div class=\"elementor-widget-container\">\n\t\t\t\t\t\t\t\t\t\t\t\t\t\t\t<img loading=\"lazy\" decoding=\"async\" width=\"1024\" height=\"684\" src=\"https:\/\/www.tekojaa.fi\/wp-content\/uploads\/2021\/10\/Suomen_tekojaa-123-Edit-2-1024x684.jpg\" class=\"attachment-large size-large wp-image-6984\" alt=\"Suomen Tekoj\u00e4\u00e4 rekrytointi\" srcset=\"https:\/\/www.tekojaa.fi\/wp-content\/uploads\/2021\/10\/Suomen_tekojaa-123-Edit-2-1024x684.jpg 1024w, https:\/\/www.tekojaa.fi\/wp-content\/uploads\/2021\/10\/Suomen_tekojaa-123-Edit-2-300x200.jpg 300w, https:\/\/www.tekojaa.fi\/wp-content\/uploads\/2021\/10\/Suomen_tekojaa-123-Edit-2-768x513.jpg 768w, https:\/\/www.tekojaa.fi\/wp-content\/uploads\/2021\/10\/Suomen_tekojaa-123-Edit-2-1536x1025.jpg 1536w, https:\/\/www.tekojaa.fi\/wp-content\/uploads\/2021\/10\/Suomen_tekojaa-123-Edit-2-2048x1367.jpg 2048w\" sizes=\"(max-width: 1024px) 100vw, 1024px\" \/>\t\t\t\t\t\t\t\t\t\t\t\t\t\t\t<\/div>\n\t\t\t\t<\/div>\n\t\t\t\t\t<\/div>\n\t\t<\/div>\n\t\t\t\t<div class=\"elementor-column elementor-col-50 elementor-inner-column elementor-element elementor-element-3054b87\" data-id=\"3054b87\" data-element_type=\"column\" data-e-type=\"column\">\n\t\t\t<div class=\"elementor-widget-wrap elementor-element-populated\">\n\t\t\t\t\t\t<div class=\"elementor-element elementor-element-8922f4d elementor-widget elementor-widget-text-editor\" data-id=\"8922f4d\" data-element_type=\"widget\" data-e-type=\"widget\" data-widget_type=\"text-editor.default\">\n\t\t\t\t<div class=\"elementor-widget-container\">\n\t\t\t\t\t\t\t\t\t<p>We are always on the look for new professionals to join our team.<\/p><p>Send your CV in free format here: <a href=\"mailto:info@tekojaa.fi\"><strong style=\"color: white;\">info@tekojaa.fi<\/strong><\/a><\/p>\t\t\t\t\t\t\t\t<\/div>\n\t\t\t\t<\/div>\n\t\t\t\t\t<\/div>\n\t\t<\/div>\n\t\t\t\t\t<\/div>\n\t\t<\/section>\n\t\t\t\t\t<\/div>\n\t\t<\/div>\n\t\t\t\t\t<\/div>\n\t\t<\/section>\n\t\t\t\t<\/div>\n\t\t","protected":false},"excerpt":{"rendered":"<p>Suomen Tekoj\u00e4\u00e4 Founded in 1997 Production facilities in Parkano, Finland Deliveries to 25 countries Staff resources 75 Turnover in 2020 was 13 M\u20ac Our equipment operates in more than 800 facilities Suomen Tekoj\u00e4\u00e4 Oy, a family-owned company based in Parkano, provides comprehensive solutions for refrigeration, air handling, industrial cooling and heat pump systems. We produce [&hellip;]<\/p>\n","protected":false},"author":1,"featured_media":0,"parent":0,"menu_order":0,"comment_status":"closed","ping_status":"closed","template":"","meta":{"footnotes":""},"class_list":["post-7375","page","type-page","status-publish","hentry"],"yoast_head":"<!-- This site is optimized with the Yoast SEO plugin v26.8 - https:\/\/yoast.com\/product\/yoast-seo-wordpress\/ -->\n<title>Company - Tekoj\u00e4\u00e4<\/title>\n<meta name=\"robots\" content=\"index, follow, max-snippet:-1, max-image-preview:large, max-video-preview:-1\" \/>\n<link rel=\"canonical\" href=\"https:\/\/www.tekojaa.fi\/en\/yritys\/\" \/>\n<meta property=\"og:locale\" content=\"en_US\" \/>\n<meta property=\"og:type\" content=\"article\" \/>\n<meta property=\"og:title\" content=\"Company - Tekoj\u00e4\u00e4\" \/>\n<meta property=\"og:description\" content=\"Suomen Tekoj\u00e4\u00e4 Founded in 1997 Production facilities in Parkano, Finland Deliveries to 25 countries Staff resources 75 Turnover in 2020 was 13 M\u20ac Our equipment operates in more than 800 facilities Suomen Tekoj\u00e4\u00e4 Oy, a family-owned company based in Parkano, provides comprehensive solutions for refrigeration, air handling, industrial cooling and heat pump systems. We produce [&hellip;]\" \/>\n<meta property=\"og:url\" content=\"https:\/\/www.tekojaa.fi\/yritys\/\" \/>\n<meta property=\"og:site_name\" content=\"Tekoj\u00e4\u00e4\" \/>\n<meta property=\"article:publisher\" content=\"https:\/\/www.facebook.com\/suomentekojaa\/\" \/>\n<meta property=\"article:modified_time\" content=\"2022-09-08T08:14:26+00:00\" \/>\n<meta property=\"og:image\" content=\"https:\/\/www.tekojaa.fi\/wp-content\/uploads\/2021\/08\/Suomen_tekojaa-202-Edit-Edit-1300x650.jpg\" \/>\n<meta name=\"twitter:card\" content=\"summary_large_image\" \/>\n<meta name=\"twitter:label1\" content=\"Est. reading time\" \/>\n\t<meta name=\"twitter:data1\" content=\"2 minutes\" \/>\n<script type=\"application\/ld+json\" class=\"yoast-schema-graph\">{\"@context\":\"https:\/\/schema.org\",\"@graph\":[{\"@type\":\"WebPage\",\"@id\":\"https:\/\/www.tekojaa.fi\/yritys\/\",\"url\":\"https:\/\/www.tekojaa.fi\/yritys\/\",\"name\":\"Company - Tekoj\u00e4\u00e4\",\"isPartOf\":{\"@id\":\"https:\/\/tekojaa-fi.hel9.wp-cloud.dev\/#website\"},\"primaryImageOfPage\":{\"@id\":\"https:\/\/www.tekojaa.fi\/yritys\/#primaryimage\"},\"image\":{\"@id\":\"https:\/\/www.tekojaa.fi\/yritys\/#primaryimage\"},\"thumbnailUrl\":\"https:\/\/www.tekojaa.fi\/wp-content\/uploads\/2021\/08\/Suomen_tekojaa-202-Edit-Edit-1300x650.jpg\",\"datePublished\":\"2021-10-22T09:36:23+00:00\",\"dateModified\":\"2022-09-08T08:14:26+00:00\",\"breadcrumb\":{\"@id\":\"https:\/\/www.tekojaa.fi\/yritys\/#breadcrumb\"},\"inLanguage\":\"en-US\",\"potentialAction\":[{\"@type\":\"ReadAction\",\"target\":[\"https:\/\/www.tekojaa.fi\/yritys\/\"]}]},{\"@type\":\"ImageObject\",\"inLanguage\":\"en-US\",\"@id\":\"https:\/\/www.tekojaa.fi\/yritys\/#primaryimage\",\"url\":\"https:\/\/www.tekojaa.fi\/wp-content\/uploads\/2021\/08\/Suomen_tekojaa-202-Edit-Edit-1300x650.jpg\",\"contentUrl\":\"https:\/\/www.tekojaa.fi\/wp-content\/uploads\/2021\/08\/Suomen_tekojaa-202-Edit-Edit-1300x650.jpg\"},{\"@type\":\"BreadcrumbList\",\"@id\":\"https:\/\/www.tekojaa.fi\/yritys\/#breadcrumb\",\"itemListElement\":[{\"@type\":\"ListItem\",\"position\":1,\"name\":\"Etusivu\",\"item\":\"https:\/\/www.tekojaa.fi\/\"},{\"@type\":\"ListItem\",\"position\":2,\"name\":\"Company\"}]},{\"@type\":\"WebSite\",\"@id\":\"https:\/\/tekojaa-fi.hel9.wp-cloud.dev\/#website\",\"url\":\"https:\/\/tekojaa-fi.hel9.wp-cloud.dev\/\",\"name\":\"Tekoj\u00e4\u00e4\",\"description\":\"Kylm\u00e4\u00e4 kuumaa tai molempia\",\"publisher\":{\"@id\":\"https:\/\/tekojaa-fi.hel9.wp-cloud.dev\/#organization\"},\"potentialAction\":[{\"@type\":\"SearchAction\",\"target\":{\"@type\":\"EntryPoint\",\"urlTemplate\":\"https:\/\/tekojaa-fi.hel9.wp-cloud.dev\/?s={search_term_string}\"},\"query-input\":{\"@type\":\"PropertyValueSpecification\",\"valueRequired\":true,\"valueName\":\"search_term_string\"}}],\"inLanguage\":\"en-US\"},{\"@type\":\"Organization\",\"@id\":\"https:\/\/tekojaa-fi.hel9.wp-cloud.dev\/#organization\",\"name\":\"Suomen Tekoj\u00e4\u00e4 Oy\",\"url\":\"https:\/\/tekojaa-fi.hel9.wp-cloud.dev\/\",\"logo\":{\"@type\":\"ImageObject\",\"inLanguage\":\"en-US\",\"@id\":\"https:\/\/tekojaa-fi.hel9.wp-cloud.dev\/#\/schema\/logo\/image\/\",\"url\":\"https:\/\/www.tekojaa.fi\/wp-content\/uploads\/2021\/06\/tekojaa-logo.png\",\"contentUrl\":\"https:\/\/www.tekojaa.fi\/wp-content\/uploads\/2021\/06\/tekojaa-logo.png\",\"width\":683,\"height\":196,\"caption\":\"Suomen Tekoj\u00e4\u00e4 Oy\"},\"image\":{\"@id\":\"https:\/\/tekojaa-fi.hel9.wp-cloud.dev\/#\/schema\/logo\/image\/\"},\"sameAs\":[\"https:\/\/www.facebook.com\/suomentekojaa\/\",\"https:\/\/www.instagram.com\/Tekojaa\/\",\"https:\/\/www.linkedin.com\/company\/tekojaa\/\"]}]}<\/script>\n<!-- \/ Yoast SEO plugin. -->","yoast_head_json":{"title":"Company - Tekoj\u00e4\u00e4","robots":{"index":"index","follow":"follow","max-snippet":"max-snippet:-1","max-image-preview":"max-image-preview:large","max-video-preview":"max-video-preview:-1"},"canonical":"https:\/\/www.tekojaa.fi\/en\/yritys\/","og_locale":"en_US","og_type":"article","og_title":"Company - Tekoj\u00e4\u00e4","og_description":"Suomen Tekoj\u00e4\u00e4 Founded in 1997 Production facilities in Parkano, Finland Deliveries to 25 countries Staff resources 75 Turnover in 2020 was 13 M\u20ac Our equipment operates in more than 800 facilities Suomen Tekoj\u00e4\u00e4 Oy, a family-owned company based in Parkano, provides comprehensive solutions for refrigeration, air handling, industrial cooling and heat pump systems. We produce [&hellip;]","og_url":"https:\/\/www.tekojaa.fi\/yritys\/","og_site_name":"Tekoj\u00e4\u00e4","article_publisher":"https:\/\/www.facebook.com\/suomentekojaa\/","article_modified_time":"2022-09-08T08:14:26+00:00","og_image":[{"url":"https:\/\/www.tekojaa.fi\/wp-content\/uploads\/2021\/08\/Suomen_tekojaa-202-Edit-Edit-1300x650.jpg","type":"","width":"","height":""}],"twitter_card":"summary_large_image","twitter_misc":{"Est. reading time":"2 minutes"},"schema":{"@context":"https:\/\/schema.org","@graph":[{"@type":"WebPage","@id":"https:\/\/www.tekojaa.fi\/yritys\/","url":"https:\/\/www.tekojaa.fi\/yritys\/","name":"Company - Tekoj\u00e4\u00e4","isPartOf":{"@id":"https:\/\/tekojaa-fi.hel9.wp-cloud.dev\/#website"},"primaryImageOfPage":{"@id":"https:\/\/www.tekojaa.fi\/yritys\/#primaryimage"},"image":{"@id":"https:\/\/www.tekojaa.fi\/yritys\/#primaryimage"},"thumbnailUrl":"https:\/\/www.tekojaa.fi\/wp-content\/uploads\/2021\/08\/Suomen_tekojaa-202-Edit-Edit-1300x650.jpg","datePublished":"2021-10-22T09:36:23+00:00","dateModified":"2022-09-08T08:14:26+00:00","breadcrumb":{"@id":"https:\/\/www.tekojaa.fi\/yritys\/#breadcrumb"},"inLanguage":"en-US","potentialAction":[{"@type":"ReadAction","target":["https:\/\/www.tekojaa.fi\/yritys\/"]}]},{"@type":"ImageObject","inLanguage":"en-US","@id":"https:\/\/www.tekojaa.fi\/yritys\/#primaryimage","url":"https:\/\/www.tekojaa.fi\/wp-content\/uploads\/2021\/08\/Suomen_tekojaa-202-Edit-Edit-1300x650.jpg","contentUrl":"https:\/\/www.tekojaa.fi\/wp-content\/uploads\/2021\/08\/Suomen_tekojaa-202-Edit-Edit-1300x650.jpg"},{"@type":"BreadcrumbList","@id":"https:\/\/www.tekojaa.fi\/yritys\/#breadcrumb","itemListElement":[{"@type":"ListItem","position":1,"name":"Etusivu","item":"https:\/\/www.tekojaa.fi\/"},{"@type":"ListItem","position":2,"name":"Company"}]},{"@type":"WebSite","@id":"https:\/\/tekojaa-fi.hel9.wp-cloud.dev\/#website","url":"https:\/\/tekojaa-fi.hel9.wp-cloud.dev\/","name":"Tekoj\u00e4\u00e4","description":"Kylm\u00e4\u00e4 kuumaa tai molempia","publisher":{"@id":"https:\/\/tekojaa-fi.hel9.wp-cloud.dev\/#organization"},"potentialAction":[{"@type":"SearchAction","target":{"@type":"EntryPoint","urlTemplate":"https:\/\/tekojaa-fi.hel9.wp-cloud.dev\/?s={search_term_string}"},"query-input":{"@type":"PropertyValueSpecification","valueRequired":true,"valueName":"search_term_string"}}],"inLanguage":"en-US"},{"@type":"Organization","@id":"https:\/\/tekojaa-fi.hel9.wp-cloud.dev\/#organization","name":"Suomen Tekoj\u00e4\u00e4 Oy","url":"https:\/\/tekojaa-fi.hel9.wp-cloud.dev\/","logo":{"@type":"ImageObject","inLanguage":"en-US","@id":"https:\/\/tekojaa-fi.hel9.wp-cloud.dev\/#\/schema\/logo\/image\/","url":"https:\/\/www.tekojaa.fi\/wp-content\/uploads\/2021\/06\/tekojaa-logo.png","contentUrl":"https:\/\/www.tekojaa.fi\/wp-content\/uploads\/2021\/06\/tekojaa-logo.png","width":683,"height":196,"caption":"Suomen Tekoj\u00e4\u00e4 Oy"},"image":{"@id":"https:\/\/tekojaa-fi.hel9.wp-cloud.dev\/#\/schema\/logo\/image\/"},"sameAs":["https:\/\/www.facebook.com\/suomentekojaa\/","https:\/\/www.instagram.com\/Tekojaa\/","https:\/\/www.linkedin.com\/company\/tekojaa\/"]}]}},"_links":{"self":[{"href":"https:\/\/www.tekojaa.fi\/en\/wp-json\/wp\/v2\/pages\/7375","targetHints":{"allow":["GET"]}}],"collection":[{"href":"https:\/\/www.tekojaa.fi\/en\/wp-json\/wp\/v2\/pages"}],"about":[{"href":"https:\/\/www.tekojaa.fi\/en\/wp-json\/wp\/v2\/types\/page"}],"author":[{"embeddable":true,"href":"https:\/\/www.tekojaa.fi\/en\/wp-json\/wp\/v2\/users\/1"}],"replies":[{"embeddable":true,"href":"https:\/\/www.tekojaa.fi\/en\/wp-json\/wp\/v2\/comments?post=7375"}],"version-history":[{"count":16,"href":"https:\/\/www.tekojaa.fi\/en\/wp-json\/wp\/v2\/pages\/7375\/revisions"}],"predecessor-version":[{"id":8494,"href":"https:\/\/www.tekojaa.fi\/en\/wp-json\/wp\/v2\/pages\/7375\/revisions\/8494"}],"wp:attachment":[{"href":"https:\/\/www.tekojaa.fi\/en\/wp-json\/wp\/v2\/media?parent=7375"}],"curies":[{"name":"wp","href":"https:\/\/api.w.org\/{rel}","templated":true}]}}