{"id":7372,"date":"2021-10-22T09:24:06","date_gmt":"2021-10-22T09:24:06","guid":{"rendered":"http:\/\/www.tekojaa.fi.testwww.yritysweb.fi\/wordpress\/blog\/"},"modified":"2021-10-25T11:31:19","modified_gmt":"2021-10-25T11:31:19","slug":"blog","status":"publish","type":"page","link":"https:\/\/www.tekojaa.fi\/en\/blog\/","title":{"rendered":"Blog"},"content":{"rendered":"\t\t<div data-elementor-type=\"wp-page\" data-elementor-id=\"7372\" class=\"elementor elementor-7372\">\n\t\t\t\t\t\t<section class=\"elementor-section elementor-top-section elementor-element elementor-element-f1d15c6 elementor-section-boxed elementor-section-height-default elementor-section-height-default qodef-elementor-content-no\" data-id=\"f1d15c6\" data-element_type=\"section\" data-e-type=\"section\">\n\t\t\t\t\t\t<div class=\"elementor-container elementor-column-gap-default\">\n\t\t\t\t\t<div class=\"elementor-column elementor-col-100 elementor-top-column elementor-element elementor-element-f748cc1\" data-id=\"f748cc1\" data-element_type=\"column\" data-e-type=\"column\">\n\t\t\t<div class=\"elementor-widget-wrap\">\n\t\t\t\t\t\t\t<\/div>\n\t\t<\/div>\n\t\t\t\t\t<\/div>\n\t\t<\/section>\n\t\t\t\t<\/div>\n\t\t","protected":false},"excerpt":{"rendered":"<p>25 loka Football arena was changed to ice hockey arena for Ice Hockey World Championships in a month &#8211; the accomplishment of Suomen Tekoj\u00e4\u00e4 has been amazing Ice Hockey World Championship Tournament starts in Riga on Friday. Part of the tournament will be played in Olympic Sports Centre which has been tranfromed from football arena [&hellip;]<\/p>\n","protected":false},"author":1,"featured_media":0,"parent":0,"menu_order":0,"comment_status":"closed","ping_status":"closed","template":"","meta":{"footnotes":""},"class_list":["post-7372","page","type-page","status-publish","hentry"],"yoast_head":"<!-- This site is optimized with the Yoast SEO plugin v26.8 - https:\/\/yoast.com\/product\/yoast-seo-wordpress\/ -->\n<title>Blog - Tekoj\u00e4\u00e4<\/title>\n<meta name=\"robots\" content=\"index, follow, max-snippet:-1, max-image-preview:large, max-video-preview:-1\" \/>\n<link rel=\"canonical\" href=\"https:\/\/tekojaa-fi.hel9.wp-cloud.dev\/en\/blog\/\" \/>\n<meta property=\"og:locale\" content=\"en_US\" \/>\n<meta property=\"og:type\" content=\"article\" \/>\n<meta property=\"og:title\" content=\"Blog - Tekoj\u00e4\u00e4\" \/>\n<meta property=\"og:description\" content=\"25 loka Football arena was changed to ice hockey arena for Ice Hockey World Championships in a month &#8211; the accomplishment of Suomen Tekoj\u00e4\u00e4 has been amazing Ice Hockey World Championship Tournament starts in Riga on Friday. Part of the tournament will be played in Olympic Sports Centre which has been tranfromed from football arena [&hellip;]\" \/>\n<meta property=\"og:url\" content=\"https:\/\/tekojaa-fi.hel9.wp-cloud.dev\/en\/blog\/\" \/>\n<meta property=\"og:site_name\" content=\"Tekoj\u00e4\u00e4\" \/>\n<meta property=\"article:publisher\" content=\"https:\/\/www.facebook.com\/suomentekojaa\/\" \/>\n<meta property=\"article:modified_time\" content=\"2021-10-25T11:31:19+00:00\" \/>\n<meta name=\"twitter:card\" content=\"summary_large_image\" \/>\n<script type=\"application\/ld+json\" class=\"yoast-schema-graph\">{\"@context\":\"https:\/\/schema.org\",\"@graph\":[{\"@type\":\"WebPage\",\"@id\":\"https:\/\/tekojaa-fi.hel9.wp-cloud.dev\/en\/blog\/\",\"url\":\"https:\/\/tekojaa-fi.hel9.wp-cloud.dev\/en\/blog\/\",\"name\":\"Blog - Tekoj\u00e4\u00e4\",\"isPartOf\":{\"@id\":\"https:\/\/tekojaa-fi.hel9.wp-cloud.dev\/#website\"},\"datePublished\":\"2021-10-22T09:24:06+00:00\",\"dateModified\":\"2021-10-25T11:31:19+00:00\",\"breadcrumb\":{\"@id\":\"https:\/\/tekojaa-fi.hel9.wp-cloud.dev\/en\/blog\/#breadcrumb\"},\"inLanguage\":\"en-US\",\"potentialAction\":[{\"@type\":\"ReadAction\",\"target\":[\"https:\/\/tekojaa-fi.hel9.wp-cloud.dev\/en\/blog\/\"]}]},{\"@type\":\"BreadcrumbList\",\"@id\":\"https:\/\/tekojaa-fi.hel9.wp-cloud.dev\/en\/blog\/#breadcrumb\",\"itemListElement\":[{\"@type\":\"ListItem\",\"position\":1,\"name\":\"Etusivu\",\"item\":\"https:\/\/www.tekojaa.fi\/\"},{\"@type\":\"ListItem\",\"position\":2,\"name\":\"Blog\"}]},{\"@type\":\"WebSite\",\"@id\":\"https:\/\/tekojaa-fi.hel9.wp-cloud.dev\/#website\",\"url\":\"https:\/\/tekojaa-fi.hel9.wp-cloud.dev\/\",\"name\":\"Tekoj\u00e4\u00e4\",\"description\":\"Kylm\u00e4\u00e4 kuumaa tai molempia\",\"publisher\":{\"@id\":\"https:\/\/tekojaa-fi.hel9.wp-cloud.dev\/#organization\"},\"potentialAction\":[{\"@type\":\"SearchAction\",\"target\":{\"@type\":\"EntryPoint\",\"urlTemplate\":\"https:\/\/tekojaa-fi.hel9.wp-cloud.dev\/?s={search_term_string}\"},\"query-input\":{\"@type\":\"PropertyValueSpecification\",\"valueRequired\":true,\"valueName\":\"search_term_string\"}}],\"inLanguage\":\"en-US\"},{\"@type\":\"Organization\",\"@id\":\"https:\/\/tekojaa-fi.hel9.wp-cloud.dev\/#organization\",\"name\":\"Suomen Tekoj\u00e4\u00e4 Oy\",\"url\":\"https:\/\/tekojaa-fi.hel9.wp-cloud.dev\/\",\"logo\":{\"@type\":\"ImageObject\",\"inLanguage\":\"en-US\",\"@id\":\"https:\/\/tekojaa-fi.hel9.wp-cloud.dev\/#\/schema\/logo\/image\/\",\"url\":\"https:\/\/www.tekojaa.fi\/wp-content\/uploads\/2021\/06\/tekojaa-logo.png\",\"contentUrl\":\"https:\/\/www.tekojaa.fi\/wp-content\/uploads\/2021\/06\/tekojaa-logo.png\",\"width\":683,\"height\":196,\"caption\":\"Suomen Tekoj\u00e4\u00e4 Oy\"},\"image\":{\"@id\":\"https:\/\/tekojaa-fi.hel9.wp-cloud.dev\/#\/schema\/logo\/image\/\"},\"sameAs\":[\"https:\/\/www.facebook.com\/suomentekojaa\/\",\"https:\/\/www.instagram.com\/Tekojaa\/\",\"https:\/\/www.linkedin.com\/company\/tekojaa\/\"]}]}<\/script>\n<!-- \/ Yoast SEO plugin. -->","yoast_head_json":{"title":"Blog - Tekoj\u00e4\u00e4","robots":{"index":"index","follow":"follow","max-snippet":"max-snippet:-1","max-image-preview":"max-image-preview:large","max-video-preview":"max-video-preview:-1"},"canonical":"https:\/\/tekojaa-fi.hel9.wp-cloud.dev\/en\/blog\/","og_locale":"en_US","og_type":"article","og_title":"Blog - Tekoj\u00e4\u00e4","og_description":"25 loka Football arena was changed to ice hockey arena for Ice Hockey World Championships in a month &#8211; the accomplishment of Suomen Tekoj\u00e4\u00e4 has been amazing Ice Hockey World Championship Tournament starts in Riga on Friday. Part of the tournament will be played in Olympic Sports Centre which has been tranfromed from football arena [&hellip;]","og_url":"https:\/\/tekojaa-fi.hel9.wp-cloud.dev\/en\/blog\/","og_site_name":"Tekoj\u00e4\u00e4","article_publisher":"https:\/\/www.facebook.com\/suomentekojaa\/","article_modified_time":"2021-10-25T11:31:19+00:00","twitter_card":"summary_large_image","schema":{"@context":"https:\/\/schema.org","@graph":[{"@type":"WebPage","@id":"https:\/\/tekojaa-fi.hel9.wp-cloud.dev\/en\/blog\/","url":"https:\/\/tekojaa-fi.hel9.wp-cloud.dev\/en\/blog\/","name":"Blog - Tekoj\u00e4\u00e4","isPartOf":{"@id":"https:\/\/tekojaa-fi.hel9.wp-cloud.dev\/#website"},"datePublished":"2021-10-22T09:24:06+00:00","dateModified":"2021-10-25T11:31:19+00:00","breadcrumb":{"@id":"https:\/\/tekojaa-fi.hel9.wp-cloud.dev\/en\/blog\/#breadcrumb"},"inLanguage":"en-US","potentialAction":[{"@type":"ReadAction","target":["https:\/\/tekojaa-fi.hel9.wp-cloud.dev\/en\/blog\/"]}]},{"@type":"BreadcrumbList","@id":"https:\/\/tekojaa-fi.hel9.wp-cloud.dev\/en\/blog\/#breadcrumb","itemListElement":[{"@type":"ListItem","position":1,"name":"Etusivu","item":"https:\/\/www.tekojaa.fi\/"},{"@type":"ListItem","position":2,"name":"Blog"}]},{"@type":"WebSite","@id":"https:\/\/tekojaa-fi.hel9.wp-cloud.dev\/#website","url":"https:\/\/tekojaa-fi.hel9.wp-cloud.dev\/","name":"Tekoj\u00e4\u00e4","description":"Kylm\u00e4\u00e4 kuumaa tai molempia","publisher":{"@id":"https:\/\/tekojaa-fi.hel9.wp-cloud.dev\/#organization"},"potentialAction":[{"@type":"SearchAction","target":{"@type":"EntryPoint","urlTemplate":"https:\/\/tekojaa-fi.hel9.wp-cloud.dev\/?s={search_term_string}"},"query-input":{"@type":"PropertyValueSpecification","valueRequired":true,"valueName":"search_term_string"}}],"inLanguage":"en-US"},{"@type":"Organization","@id":"https:\/\/tekojaa-fi.hel9.wp-cloud.dev\/#organization","name":"Suomen Tekoj\u00e4\u00e4 Oy","url":"https:\/\/tekojaa-fi.hel9.wp-cloud.dev\/","logo":{"@type":"ImageObject","inLanguage":"en-US","@id":"https:\/\/tekojaa-fi.hel9.wp-cloud.dev\/#\/schema\/logo\/image\/","url":"https:\/\/www.tekojaa.fi\/wp-content\/uploads\/2021\/06\/tekojaa-logo.png","contentUrl":"https:\/\/www.tekojaa.fi\/wp-content\/uploads\/2021\/06\/tekojaa-logo.png","width":683,"height":196,"caption":"Suomen Tekoj\u00e4\u00e4 Oy"},"image":{"@id":"https:\/\/tekojaa-fi.hel9.wp-cloud.dev\/#\/schema\/logo\/image\/"},"sameAs":["https:\/\/www.facebook.com\/suomentekojaa\/","https:\/\/www.instagram.com\/Tekojaa\/","https:\/\/www.linkedin.com\/company\/tekojaa\/"]}]}},"_links":{"self":[{"href":"https:\/\/www.tekojaa.fi\/en\/wp-json\/wp\/v2\/pages\/7372","targetHints":{"allow":["GET"]}}],"collection":[{"href":"https:\/\/www.tekojaa.fi\/en\/wp-json\/wp\/v2\/pages"}],"about":[{"href":"https:\/\/www.tekojaa.fi\/en\/wp-json\/wp\/v2\/types\/page"}],"author":[{"embeddable":true,"href":"https:\/\/www.tekojaa.fi\/en\/wp-json\/wp\/v2\/users\/1"}],"replies":[{"embeddable":true,"href":"https:\/\/www.tekojaa.fi\/en\/wp-json\/wp\/v2\/comments?post=7372"}],"version-history":[{"count":4,"href":"https:\/\/www.tekojaa.fi\/en\/wp-json\/wp\/v2\/pages\/7372\/revisions"}],"predecessor-version":[{"id":7620,"href":"https:\/\/www.tekojaa.fi\/en\/wp-json\/wp\/v2\/pages\/7372\/revisions\/7620"}],"wp:attachment":[{"href":"https:\/\/www.tekojaa.fi\/en\/wp-json\/wp\/v2\/media?parent=7372"}],"curies":[{"name":"wp","href":"https:\/\/api.w.org\/{rel}","templated":true}]}}